{"id":24,"date":"2021-10-02T12:55:47","date_gmt":"2021-10-02T10:55:47","guid":{"rendered":"https:\/\/www.ferienwohnungbauen.de\/wp\/?page_id=24"},"modified":"2023-01-01T13:54:14","modified_gmt":"2023-01-01T12:54:14","slug":"studio","status":"publish","type":"page","link":"https:\/\/www.ferienwohnungbauen.de\/wp\/studio\/","title":{"rendered":"Studio"},"content":{"rendered":"\n<p>Unser Studio ist f\u00fcr 2 Personen ausgerichtet. Zwei Betten, die man auf Wunsch zusammen schieben kann, eine K\u00fcchenzeile mit 2 Platten-Kochherd, Backofen, Mikrowelle, Kleiderschrank und ein Esstisch mit zwei St\u00fchlen. Der Schrank mit der Hausw\u00e4sche befindet sich im Flur. In den dort stehenden Schlie\u00dfkorb kann man, wenn man m\u00f6chte, tags\u00fcber das Bettzeug lagern. Ein digitales SAT-TV ist vorhanden, ebenso ein kleiner Korbtisch mit 2 Sesseln. Die Terrasse ist best\u00fcckt mit einer Hollywoodschaukel, einem Tisch und 2 Gartenst\u00fchlen, sowie mit einer Liege.<\/p>\n\n\n\n<p>Preis: 65 CHF f\u00fcr zwei Personen pro \u00dcbernachtung, wir erheben keine Saisonzuschl\u00e4ge. Die Endreinigung kostet 70 CHF. Die zur Zeit g\u00fcltige Kurtaxe betr\u00e4gt betr\u00e4gt f\u00fcr Erwachsene 1.50 CHF, f\u00fcr Kinder 1.00 CHF. Ein W\u00e4schepaket kann f\u00fcr 20 CHF pro Person hinzu gebucht werden.<\/p>\n\n\n\n<p>Die minimale Buchungszeit betr\u00e4gt drei Tage.<\/p>\n\n\n\n<figure class=\"wp-block-gallery has-nested-images columns-2 wp-block-gallery-1 is-layout-flex wp-block-gallery-is-layout-flex\">\n<figure class=\"wp-block-image size-large\"><a href=\"https:\/\/www.ferienwohnungbauen.de\/wp\/wp-content\/uploads\/2021\/11\/IMG_20211031_095503.jpg\"><img loading=\"lazy\" decoding=\"async\" width=\"600\" height=\"800\" data-id=\"164\" src=\"https:\/\/www.ferienwohnungbauen.de\/wp\/wp-content\/uploads\/2021\/11\/IMG_20211031_095503.jpg\" alt=\"Bad\" class=\"wp-image-164\" srcset=\"https:\/\/www.ferienwohnungbauen.de\/wp\/wp-content\/uploads\/2021\/11\/IMG_20211031_095503.jpg 600w, https:\/\/www.ferienwohnungbauen.de\/wp\/wp-content\/uploads\/2021\/11\/IMG_20211031_095503-225x300.jpg 225w\" sizes=\"auto, (max-width: 600px) 100vw, 600px\" \/><\/a><figcaption class=\"wp-element-caption\">Bad<\/figcaption><\/figure>\n\n\n\n<figure class=\"wp-block-image size-large\"><a href=\"https:\/\/www.ferienwohnungbauen.de\/wp\/wp-content\/uploads\/2021\/11\/IMG_20211031_095552.jpg\"><img loading=\"lazy\" decoding=\"async\" width=\"600\" height=\"800\" data-id=\"163\" src=\"https:\/\/www.ferienwohnungbauen.de\/wp\/wp-content\/uploads\/2021\/11\/IMG_20211031_095552.jpg\" alt=\"Studio\" class=\"wp-image-163\" srcset=\"https:\/\/www.ferienwohnungbauen.de\/wp\/wp-content\/uploads\/2021\/11\/IMG_20211031_095552.jpg 600w, https:\/\/www.ferienwohnungbauen.de\/wp\/wp-content\/uploads\/2021\/11\/IMG_20211031_095552-225x300.jpg 225w\" sizes=\"auto, (max-width: 600px) 100vw, 600px\" \/><\/a><figcaption class=\"wp-element-caption\">Studio<\/figcaption><\/figure>\n\n\n\n<figure class=\"wp-block-image size-large\"><a href=\"https:\/\/www.ferienwohnungbauen.de\/wp\/wp-content\/uploads\/2021\/11\/IMG_20211031_095601.jpg\"><img loading=\"lazy\" decoding=\"async\" width=\"600\" height=\"800\" data-id=\"162\" src=\"https:\/\/www.ferienwohnungbauen.de\/wp\/wp-content\/uploads\/2021\/11\/IMG_20211031_095601.jpg\" alt=\"K\u00fcchenzeile\" class=\"wp-image-162\" srcset=\"https:\/\/www.ferienwohnungbauen.de\/wp\/wp-content\/uploads\/2021\/11\/IMG_20211031_095601.jpg 600w, https:\/\/www.ferienwohnungbauen.de\/wp\/wp-content\/uploads\/2021\/11\/IMG_20211031_095601-225x300.jpg 225w\" sizes=\"auto, (max-width: 600px) 100vw, 600px\" \/><\/a><figcaption class=\"wp-element-caption\">K\u00fcchenzeile<\/figcaption><\/figure>\n\n\n\n<figure class=\"wp-block-image size-large\"><a href=\"https:\/\/www.ferienwohnungbauen.de\/wp\/wp-content\/uploads\/2021\/11\/IMG-20210415-WA0005.jpg\"><img loading=\"lazy\" decoding=\"async\" width=\"576\" height=\"1024\" data-id=\"157\" src=\"https:\/\/www.ferienwohnungbauen.de\/wp\/wp-content\/uploads\/2021\/11\/IMG-20210415-WA0005-576x1024.jpg\" alt=\"Betten\" class=\"wp-image-157\" srcset=\"https:\/\/www.ferienwohnungbauen.de\/wp\/wp-content\/uploads\/2021\/11\/IMG-20210415-WA0005-576x1024.jpg 576w, https:\/\/www.ferienwohnungbauen.de\/wp\/wp-content\/uploads\/2021\/11\/IMG-20210415-WA0005-169x300.jpg 169w, https:\/\/www.ferienwohnungbauen.de\/wp\/wp-content\/uploads\/2021\/11\/IMG-20210415-WA0005.jpg 600w\" sizes=\"auto, (max-width: 576px) 100vw, 576px\" \/><\/a><figcaption class=\"wp-element-caption\">Betten<\/figcaption><\/figure>\n\n\n\n<figure class=\"wp-block-image size-large\"><a href=\"https:\/\/www.ferienwohnungbauen.de\/wp\/wp-content\/uploads\/2021\/11\/IMG_20211031_095842.jpg\"><img loading=\"lazy\" decoding=\"async\" width=\"800\" height=\"600\" data-id=\"159\" src=\"https:\/\/www.ferienwohnungbauen.de\/wp\/wp-content\/uploads\/2021\/11\/IMG_20211031_095842.jpg\" alt=\"Terrasse\" class=\"wp-image-159\" srcset=\"https:\/\/www.ferienwohnungbauen.de\/wp\/wp-content\/uploads\/2021\/11\/IMG_20211031_095842.jpg 800w, https:\/\/www.ferienwohnungbauen.de\/wp\/wp-content\/uploads\/2021\/11\/IMG_20211031_095842-300x225.jpg 300w, https:\/\/www.ferienwohnungbauen.de\/wp\/wp-content\/uploads\/2021\/11\/IMG_20211031_095842-768x576.jpg 768w\" sizes=\"auto, (max-width: 800px) 100vw, 800px\" \/><\/a><figcaption class=\"wp-element-caption\">Terrasse<\/figcaption><\/figure>\n\n\n\n<figure class=\"wp-block-image size-large\"><a href=\"https:\/\/www.ferienwohnungbauen.de\/wp\/wp-content\/uploads\/2021\/11\/IMG_20211031_095945.jpg\"><img loading=\"lazy\" decoding=\"async\" width=\"768\" height=\"1024\" data-id=\"158\" src=\"https:\/\/www.ferienwohnungbauen.de\/wp\/wp-content\/uploads\/2021\/11\/IMG_20211031_095945-768x1024.jpg\" alt=\"Terrasse\" class=\"wp-image-158\" srcset=\"https:\/\/www.ferienwohnungbauen.de\/wp\/wp-content\/uploads\/2021\/11\/IMG_20211031_095945-768x1024.jpg 768w, https:\/\/www.ferienwohnungbauen.de\/wp\/wp-content\/uploads\/2021\/11\/IMG_20211031_095945-225x300.jpg 225w, https:\/\/www.ferienwohnungbauen.de\/wp\/wp-content\/uploads\/2021\/11\/IMG_20211031_095945.jpg 800w\" sizes=\"auto, (max-width: 768px) 100vw, 768px\" \/><\/a><figcaption class=\"wp-element-caption\">Terrasse<\/figcaption><\/figure>\n<\/figure>\n","protected":false},"excerpt":{"rendered":"<p>Unser Studio ist f\u00fcr 2 Personen ausgerichtet. Zwei Betten, die man auf Wunsch zusammen schieben kann, eine K\u00fcchenzeile mit 2 Platten-Kochherd, Backofen, Mikrowelle, Kleiderschrank und ein Esstisch mit zwei St\u00fchlen. Der Schrank mit der Hausw\u00e4sche befindet sich im Flur. In <a href=\"https:\/\/www.ferienwohnungbauen.de\/wp\/studio\/\" class=\"read-more\">Read more<\/a><\/p>\n","protected":false},"author":1,"featured_media":0,"parent":0,"menu_order":0,"comment_status":"closed","ping_status":"closed","template":"","meta":{"footnotes":""},"class_list":["post-24","page","type-page","status-publish","hentry"],"_links":{"self":[{"href":"https:\/\/www.ferienwohnungbauen.de\/wp\/wp-json\/wp\/v2\/pages\/24","targetHints":{"allow":["GET"]}}],"collection":[{"href":"https:\/\/www.ferienwohnungbauen.de\/wp\/wp-json\/wp\/v2\/pages"}],"about":[{"href":"https:\/\/www.ferienwohnungbauen.de\/wp\/wp-json\/wp\/v2\/types\/page"}],"author":[{"embeddable":true,"href":"https:\/\/www.ferienwohnungbauen.de\/wp\/wp-json\/wp\/v2\/users\/1"}],"replies":[{"embeddable":true,"href":"https:\/\/www.ferienwohnungbauen.de\/wp\/wp-json\/wp\/v2\/comments?post=24"}],"version-history":[{"count":10,"href":"https:\/\/www.ferienwohnungbauen.de\/wp\/wp-json\/wp\/v2\/pages\/24\/revisions"}],"predecessor-version":[{"id":197,"href":"https:\/\/www.ferienwohnungbauen.de\/wp\/wp-json\/wp\/v2\/pages\/24\/revisions\/197"}],"wp:attachment":[{"href":"https:\/\/www.ferienwohnungbauen.de\/wp\/wp-json\/wp\/v2\/media?parent=24"}],"curies":[{"name":"wp","href":"https:\/\/api.w.org\/{rel}","templated":true}]}}